{"id":579,"date":"2022-01-19T01:11:20","date_gmt":"2022-01-19T01:11:20","guid":{"rendered":"https:\/\/atdtindomotica.com\/Indo\/?page_id=493"},"modified":"2022-05-17T01:50:19","modified_gmt":"2022-05-17T01:50:19","slug":"mantenimiento","status":"publish","type":"page","link":"https:\/\/atdtindomotica.com\/Indo\/servicios\/mantenimiento\/","title":{"rendered":"Mantenimiento"},"content":{"rendered":"\n\n\n<h2>Mantenimiento<\/h2>\n\n\n\n\n\n\n\n\n\n\n\n\n<p><font color=\"#f2f2f2\">Todos los equipos tecnol\u00f3gicos requieren de mantenimiento preventivo para poder asegurar su funcionamiento adecuado y llegar a su vida media estimada. <br><br><\/font><br><\/p>\n<p><span style=\"color: rgb(242, 242, 242);\"> Todo equipo electr\u00f3nico puede fallar y es necesario ejecutar mantenimientos que corrijan las desviaciones.<br> <br><\/span><\/p>\n\n\n\n\n\nCont\u00e1ctanos &nbsp;\n<h3>Podemos realizar el mantenimiento Preventivo y Correctivo que requieran todos tus equipos tecnol\u00f3gicos de automatizaci\u00f3n, equipos de computo de escritorio y port\u00e1tiles.<br><\/h3>\n\n<div class=\"wpcf7 no-js\" id=\"wpcf7-f477-o1\" lang=\"es-ES\" dir=\"ltr\" data-wpcf7-id=\"477\">\n<div class=\"screen-reader-response\"><p role=\"status\" aria-live=\"polite\" aria-atomic=\"true\"><\/p> <ul><\/ul><\/div>\n<form action=\"\/Indo\/wp-json\/wp\/v2\/pages\/579#wpcf7-f477-o1\" method=\"post\" class=\"wpcf7-form init\" aria-label=\"Formulario de contacto\" novalidate=\"novalidate\" data-status=\"init\">\n<fieldset class=\"hidden-fields-container\"><input type=\"hidden\" name=\"_wpcf7\" value=\"477\" \/><input type=\"hidden\" name=\"_wpcf7_version\" value=\"6.1.5\" \/><input type=\"hidden\" name=\"_wpcf7_locale\" value=\"es_ES\" \/><input type=\"hidden\" name=\"_wpcf7_unit_tag\" value=\"wpcf7-f477-o1\" \/><input type=\"hidden\" name=\"_wpcf7_container_post\" value=\"0\" \/><input type=\"hidden\" name=\"_wpcf7_posted_data_hash\" value=\"\" \/><input type=\"hidden\" name=\"_wpcf7_recaptcha_response\" value=\"\" \/>\n<\/fieldset>\n<center>\n\t<p><label> Tu nombre<br \/>\n<span class=\"wpcf7-form-control-wrap\" data-name=\"your-name\"><input size=\"40\" maxlength=\"400\" class=\"wpcf7-form-control wpcf7-text wpcf7-validates-as-required\" aria-required=\"true\" aria-invalid=\"false\" value=\"\" type=\"text\" name=\"your-name\" \/><\/span> <\/label>\n\t<\/p>\n\t<p><label> Tu tel.<br \/>\n<span class=\"wpcf7-form-control-wrap\" data-name=\"tel-43\"><input size=\"40\" maxlength=\"400\" class=\"wpcf7-form-control wpcf7-tel wpcf7-text wpcf7-validates-as-tel\" aria-invalid=\"false\" placeholder=\"55 5555 5555\" value=\"\" type=\"tel\" name=\"tel-43\" \/><\/span><\/label>\n\t<\/p>\n\t<p><label> Tu correo electr\u00f3nico<br \/>\n<span class=\"wpcf7-form-control-wrap\" data-name=\"your-email\"><input size=\"40\" maxlength=\"400\" class=\"wpcf7-form-control wpcf7-email wpcf7-validates-as-required wpcf7-text wpcf7-validates-as-email\" aria-required=\"true\" aria-invalid=\"false\" value=\"\" type=\"email\" name=\"your-email\" \/><\/span> <\/label>\n\t<\/p>\n\t<p><label> Asunto<br \/>\n<span class=\"wpcf7-form-control-wrap\" data-name=\"your-subject\"><input size=\"40\" maxlength=\"400\" class=\"wpcf7-form-control wpcf7-text wpcf7-validates-as-required\" aria-required=\"true\" aria-invalid=\"false\" value=\"\" type=\"text\" name=\"your-subject\" \/><\/span> <\/label>\n\t<\/p>\n\t<p><label> Tu mensaje (opcional)<br \/>\n<span class=\"wpcf7-form-control-wrap\" data-name=\"your-message\"><textarea cols=\"40\" rows=\"10\" maxlength=\"2000\" class=\"wpcf7-form-control wpcf7-textarea\" aria-invalid=\"false\" name=\"your-message\"><\/textarea><\/span> <\/label>\n\t<\/p>\n\n\t<p><input class=\"wpcf7-form-control wpcf7-submit has-spinner\" type=\"submit\" value=\"Enviar\" \/>\n\t<\/p>\n<\/center><div class=\"wpcf7-response-output\" aria-hidden=\"true\"><\/div>\n<\/form>\n<\/div>\n\n\n\n\n\n\n\n\n","protected":false},"excerpt":{"rendered":"","protected":false},"author":1,"featured_media":0,"parent":188,"menu_order":0,"comment_status":"closed","ping_status":"closed","template":"","meta":{"pagelayer_contact_templates":[],"_pagelayer_content":"","_monsterinsights_skip_tracking":false,"_monsterinsights_sitenote_active":false,"_monsterinsights_sitenote_note":"","_monsterinsights_sitenote_category":0,"footnotes":""},"class_list":["post-579","page","type-page","status-publish","hentry"],"aioseo_notices":[],"_links":{"self":[{"href":"https:\/\/atdtindomotica.com\/Indo\/wp-json\/wp\/v2\/pages\/579","targetHints":{"allow":["GET"]}}],"collection":[{"href":"https:\/\/atdtindomotica.com\/Indo\/wp-json\/wp\/v2\/pages"}],"about":[{"href":"https:\/\/atdtindomotica.com\/Indo\/wp-json\/wp\/v2\/types\/page"}],"author":[{"embeddable":true,"href":"https:\/\/atdtindomotica.com\/Indo\/wp-json\/wp\/v2\/users\/1"}],"replies":[{"embeddable":true,"href":"https:\/\/atdtindomotica.com\/Indo\/wp-json\/wp\/v2\/comments?post=579"}],"version-history":[{"count":8,"href":"https:\/\/atdtindomotica.com\/Indo\/wp-json\/wp\/v2\/pages\/579\/revisions"}],"predecessor-version":[{"id":806,"href":"https:\/\/atdtindomotica.com\/Indo\/wp-json\/wp\/v2\/pages\/579\/revisions\/806"}],"up":[{"embeddable":true,"href":"https:\/\/atdtindomotica.com\/Indo\/wp-json\/wp\/v2\/pages\/188"}],"wp:attachment":[{"href":"https:\/\/atdtindomotica.com\/Indo\/wp-json\/wp\/v2\/media?parent=579"}],"curies":[{"name":"wp","href":"https:\/\/api.w.org\/{rel}","templated":true}]}}