{"id":190,"date":"2021-12-31T01:30:53","date_gmt":"2021-12-31T01:30:53","guid":{"rendered":"https:\/\/atdtindomotica.com\/Indo\/about-us\/"},"modified":"2026-05-09T02:15:43","modified_gmt":"2026-05-09T02:15:43","slug":"nosotros","status":"publish","type":"page","link":"https:\/\/atdtindomotica.com\/inicio26\/nosotros\/","title":{"rendered":"Nosotros"},"content":{"rendered":"\n\n\n<p><span style=\"color: oklch(0.65 0.18 215); font-family: Raleway, sans-serif; font-size: 12px; font-weight: 700; letter-spacing: 1.2px; text-align: center; text-transform: uppercase;\">\u2014 quIENES SOMOS \u2014<\/span><\/p>\n\n<h1 style=\"text-align: center; color: oklch(0.65 0.18 215); font-style: italic; font-size: 36px;\">Somos Especialistas en Dom\u00f3tica, CCTV y Seguridad en Quer\u00e9taro | ATDT In&amp;dom\u00f3tica<\/h1>\n<h2 style=\"text-align: center; color: rgb(102, 163, 224); font-size: medium;\">Nacimos para satisfacer las necesidades crecientes en Inm\u00f3tica y Dom\u00f3tica tales como,<br> C\u00e1maras de Seguridad (CCTV) y Videovigilanci<span style=\"line-height:2.0;\"><\/span>a, Automatizaci\u00f3n Residencial e industrial,<br> Control de Acceso y Puertas El\u00e9ctricas, Redes, WiFi y Cableado Estructurado&nbsp;<\/h2>\n\n\n\n\n<h2 data-loc=\"client\/src\/components\/About.tsx:68\" class=\"font-display text-3xl sm:text-4xl lg:text-5xl text-[oklch(0.22_0.065_245)] leading-tight mb-6 transition-all duration-700 opacity-100 translate-y-0\" style=\"margin: 0px 0px 24px; border: 0px solid oklch(0.9 0.008 245); outline-color: oklab(0.65 -0.147447 -0.103244 \/ 0.5); font-size: 48px; font-family: Raleway, sans-serif; letter-spacing: -0.02em; --tw-translate-y: calc(0.25rem * 0); translate: 0px; line-height: 1.25; --tw-leading: 1.25; color: oklch(0.22 0.065 245); opacity: 1; transition-property: all; transition-timing-function: cubic-bezier(0.4, 0, 0.2, 1); transition-duration: 700ms; --tw-duration: 700ms; background-color: rgb(255, 255, 255);\">Bienvenido a&nbsp;<span data-loc=\"client\/src\/components\/About.tsx:74\" style=\"border: 0px solid oklch(0.9 0.008 245); outline-color: oklab(0.65 -0.147447 -0.103244 \/ 0.5); color: oklch(0.65 0.18 215);\">In&amp;Dom\u00f3tica<\/span><\/h2>\n<p> <\/p><p align=\"justify\"><span style=\"color: oklch(0.52 0.02 250); font-family: &quot;Source Sans 3&quot;, sans-serif; font-size: 18px; text-align: start; background-color: rgb(255, 255, 255);\">Somos una empresa enfocada a la tecnolog\u00eda para la automatizaci\u00f3n de edificaciones y hogares, as\u00ed como para la seguridad de las mismas. Surgimos con la intenci\u00f3n de cubrir las necesidades crecientes en automatizaci\u00f3n y seguridad con<\/span><span style=\"color: oklch(0.52 0.02 250); font-family: &quot;Source Sans 3&quot;, sans-serif; font-size: 18px; text-align: start; background-color: rgb(255, 255, 255);\">&nbsp;<\/span><span data-loc=\"client\/src\/components\/About.tsx:85\" class=\"text-[oklch(0.22_0.065_245)]\" style=\"border: 0px solid oklch(0.9 0.008 245); outline-color: oklab(0.65 -0.147447 -0.103244 \/ 0.5); font-weight: bolder; color: oklch(0.22 0.065 245); font-family: &quot;Source Sans 3&quot;, sans-serif; font-size: 18px; text-align: start; background-color: rgb(255, 255, 255);\">personal altamente capacitado<\/span><span style=\"color: oklch(0.52 0.02 250); font-family: &quot;Source Sans 3&quot;, sans-serif; font-size: 18px; text-align: start; background-color: rgb(255, 255, 255);\">.<\/span><\/p>\n<p><\/p><h3 data-loc=\"client\/src\/components\/About.tsx:94\" class=\"font-display font-bold text-2xl text-[oklch(0.22_0.065_245)] mb-6\" style=\"margin: 0px 0px 24px; border: 0px solid oklch(0.9 0.008 245); outline-color: oklab(0.65 -0.147447 -0.103244 \/ 0.5); font-size: 24px; font-weight: 700; font-family: Raleway, sans-serif; letter-spacing: -0.02em; line-height: 1.33333; --tw-font-weight: 700; color: oklch(0.22 0.065 245);\">Nuestra Historia<\/h3><p data-loc=\"client\/src\/components\/About.tsx:97\" class=\"space-y-4 font-body text-[oklch(0.52_0.02_250)] leading-relaxed\" style=\"border: 0px solid oklch(0.9 0.008 245); outline-color: oklab(0.65 -0.147447 -0.103244 \/ 0.5); font-family: &quot;Source Sans 3&quot;, sans-serif; --tw-leading: 1.625; line-height: 1.625; color: oklch(0.52 0.02 250); font-size: medium;\"><\/p><p data-loc=\"client\/src\/components\/About.tsx:98\" style=\"border: 0px solid oklch(0.9 0.008 245); outline-color: oklab(0.65 -0.147447 -0.103244 \/ 0.5); --tw-space-y-reverse: 0; margin-block: 0px 16px; text-align: left;\"><span data-loc=\"client\/src\/components\/About.tsx:99\" style=\"border: 0px solid oklch(0.9 0.008 245); outline-color: oklab(0.65 -0.147447 -0.103244 \/ 0.5); font-weight: bolder;\">Nos fundamos en 2021<\/span>&nbsp;con la finalidad de satisfacer las necesidades crecientes de personal calificado para la instalaci\u00f3n de CCTV, automatizaci\u00f3n de inmuebles y hogares, y en general en la Asesor\u00eda, Instalaci\u00f3n y Mantenimiento de equipos de alta tecnolog\u00eda.<\/p><p data-loc=\"client\/src\/components\/About.tsx:101\" style=\"border: 0px solid oklch(0.9 0.008 245); outline-color: oklab(0.65 -0.147447 -0.103244 \/ 0.5); --tw-space-y-reverse: 0; margin-block: 0px 16px; text-align: left;\">Nuestros fundadores, tras&nbsp;<span data-loc=\"client\/src\/components\/About.tsx:102\" style=\"border: 0px solid oklch(0.9 0.008 245); outline-color: oklab(0.65 -0.147447 -0.103244 \/ 0.5); font-weight: bolder;\">m\u00e1s de 20 a\u00f1os de experiencia<\/span>&nbsp;en equipos tecnol\u00f3gicos de diversas \u00e1reas desde equipos de uso m\u00e9dico hasta automatizaci\u00f3n de procesos y accesos decidieron llevar estas soluciones a usted.<\/p><p data-loc=\"client\/src\/components\/About.tsx:104\" style=\"border: 0px solid oklch(0.9 0.008 245); outline-color: oklab(0.65 -0.147447 -0.103244 \/ 0.5); text-align: left;\">Adicionalmente, al observar la necesidad de la comunidad de contar con personal profesional y especializado en tecnolog\u00eda, optamos por satisfacer los requerimientos de la sociedad actual en las \u00e1reas tecnol\u00f3gicas: Inm\u00f3tica, Dom\u00f3tica, Inform\u00e1tica, CCTV, Redes, y m\u00e1s.<\/p>\n\n\n\n\n\n\n\n\n\n\n\n\n\n\n\n\n\n\n\n\n\n\n\n\n\n\n<h6>A\u00f1os de experiencia<\/h6>\n\n\n\n\n\n\n\n<h6>\u00c1reas de servicio<\/h6>\n\n\n\n\n<h3 data-loc=\"client\/src\/components\/About.tsx:224\" class=\"font-display text-3xl sm:text-4xl text-[oklch(0.22_0.065_245)] mb-4\" style=\"margin: 0px 0px 16px; border: 0px solid oklch(0.9 0.008 245); outline-color: oklab(0.65 -0.147447 -0.103244 \/ 0.5); font-size: 36px; font-weight: 800; font-family: Raleway, sans-serif; letter-spacing: -0.02em; line-height: 1.11111; color: oklch(0.22 0.065 245); background-color: rgb(255, 255, 255);\">Lo que dicen nuestros clientes<\/h3>\n<p style=\"text-align: center;\"><span style=\"color: oklch(0.52 0.02 250); font-family: &quot;Source Sans 3&quot;, sans-serif; font-size: medium; background-color: rgb(255, 255, 255);\">Empresas del sector conf\u00edan en nuestras soluciones de dom\u00f3tica y seguridad<\/span><\/p>\n\n\n<div data-loc=\"client\/src\/components\/About.tsx:266\" class=\"flex items-start gap-1 mb-4\" style=\"margin: 0px 0px 16px; border: 0px solid oklch(0.9 0.008 245); outline-color: oklab(0.65 -0.147447 -0.103244 \/ 0.5); min-height: 0px; min-width: 0px; display: flex; align-items: flex-start; gap: 4px; color: oklch(0.15 0.02 245); font-family: &quot;Source Sans 3&quot;, sans-serif; font-size: medium;\"><span data-loc=\"client\/src\/components\/About.tsx:268\" class=\"text-lg\" style=\"border: 0px solid oklch(0.9 0.008 245); outline-color: oklab(0.65 -0.147447 -0.103244 \/ 0.5); font-size: 18px; line-height: 1.55556; color: oklch(0.65 0.18 215);\">\u2605<\/span><span data-loc=\"client\/src\/components\/About.tsx:268\" class=\"text-lg\" style=\"border: 0px solid oklch(0.9 0.008 245); outline-color: oklab(0.65 -0.147447 -0.103244 \/ 0.5); font-size: 18px; line-height: 1.55556; color: oklch(0.65 0.18 215);\">\u2605<\/span><span data-loc=\"client\/src\/components\/About.tsx:268\" class=\"text-lg\" style=\"border: 0px solid oklch(0.9 0.008 245); outline-color: oklab(0.65 -0.147447 -0.103244 \/ 0.5); font-size: 18px; line-height: 1.55556; color: oklch(0.65 0.18 215);\">\u2605<\/span><span data-loc=\"client\/src\/components\/About.tsx:268\" class=\"text-lg\" style=\"border: 0px solid oklch(0.9 0.008 245); outline-color: oklab(0.65 -0.147447 -0.103244 \/ 0.5); font-size: 18px; line-height: 1.55556; color: oklch(0.65 0.18 215);\">\u2605<\/span><span data-loc=\"client\/src\/components\/About.tsx:268\" class=\"text-lg\" style=\"border: 0px solid oklch(0.9 0.008 245); outline-color: oklab(0.65 -0.147447 -0.103244 \/ 0.5); font-size: 18px; line-height: 1.55556; color: oklch(0.65 0.18 215);\">\u2605<\/span><\/div><p data-loc=\"client\/src\/components\/About.tsx:273\" class=\"font-body text-[oklch(0.52_0.02_250)] mb-6 leading-relaxed italic\" style=\"margin: 0px 0px 24px; border: 0px solid oklch(0.9 0.008 245); outline-color: oklab(0.65 -0.147447 -0.103244 \/ 0.5); font-family: &quot;Source Sans 3&quot;, sans-serif; --tw-leading: 1.625; line-height: 1.625; color: oklch(0.52 0.02 250); font-style: italic; font-size: medium;\">\u00abFinalmente encontramos a quienes pudieran parametrizar y ejecutar un plan de automatizaci\u00f3n e inm\u00f3tica de alto nivel.\u00bb<\/p><p data-loc=\"client\/src\/components\/About.tsx:266\" class=\"flex items-start gap-1 mb-4\" style=\"margin: 0px 0px 16px; border: 0px solid oklch(0.9 0.008 245); outline-color: oklab(0.65 -0.147447 -0.103244 \/ 0.5); min-height: 0px; min-width: 0px; display: flex; align-items: flex-start; gap: 4px; color: oklch(0.15 0.02 245); font-family: &quot;Source Sans 3&quot;, sans-serif; font-size: medium;\"><span data-loc=\"client\/src\/components\/About.tsx:268\" class=\"text-lg\" style=\"border: 0px solid oklch(0.9 0.008 245); outline-color: oklab(0.65 -0.147447 -0.103244 \/ 0.5); font-size: 18px; line-height: 1.55556; color: oklch(0.65 0.18 215);\"><\/span><\/p><div data-loc=\"client\/src\/components\/About.tsx:276\" class=\"flex items-center gap-4\" style=\"border: 0px solid oklch(0.9 0.008 245); outline-color: oklab(0.65 -0.147447 -0.103244 \/ 0.5); min-height: 0px; min-width: 0px; display: flex; align-items: center; gap: 16px; color: oklch(0.15 0.02 245); font-family: &quot;Source Sans 3&quot;, sans-serif; font-size: medium;\"><img decoding=\"async\" data-loc=\"client\/src\/components\/About.tsx:277\" alt=\"Horacio Nazar\u00ed\" class=\"w-12 h-12 rounded-full object-cover\" src=\"https:\/\/images.unsplash.com\/photo-1507003211169-0a1dd7228f2d?w=150&amp;h=150&amp;fit=crop\" style=\"border: 0px solid oklch(0.9 0.008 245); outline-color: oklab(0.65 -0.147447 -0.103244 \/ 0.5); display: block; vertical-align: middle; max-width: 100%; height: 48px; width: 48px; border-radius: calc(infinity * 1px); object-fit: cover;\"><div data-loc=\"client\/src\/components\/About.tsx:282\" style=\"border: 0px solid oklch(0.9 0.008 245); outline-color: oklab(0.65 -0.147447 -0.103244 \/ 0.5);\"><p data-loc=\"client\/src\/components\/About.tsx:283\" class=\"font-display font-bold text-[oklch(0.22_0.065_245)]\" style=\"border: 0px solid oklch(0.9 0.008 245); outline-color: oklab(0.65 -0.147447 -0.103244 \/ 0.5); font-family: Raleway, sans-serif; --tw-font-weight: 700; font-weight: 700; color: oklch(0.22 0.065 245);\">Horacio Nazar\u00ed<\/p><p data-loc=\"client\/src\/components\/About.tsx:286\" class=\"font-body text-xs text-[oklch(0.65_0.18_215)]\" style=\"border: 0px solid oklch(0.9 0.008 245); outline-color: oklab(0.65 -0.147447 -0.103244 \/ 0.5); font-family: &quot;Source Sans 3&quot;, sans-serif; font-size: 12px; line-height: 1.33333; color: oklch(0.65 0.18 215);\">Dom\u00f3tica y CCTV<\/p><p data-loc=\"client\/src\/components\/About.tsx:289\" class=\"font-body text-xs text-[oklch(0.52_0.02_250)]\" style=\"border: 0px solid oklch(0.9 0.008 245); outline-color: oklab(0.65 -0.147447 -0.103244 \/ 0.5); font-family: &quot;Source Sans 3&quot;, sans-serif; font-size: 12px; line-height: 1.33333; color: oklch(0.52 0.02 250);\">Gerente de Proyectos<\/p><\/div><\/div>\n\n\n<div data-loc=\"client\/src\/components\/About.tsx:266\" class=\"flex items-start gap-1 mb-4\" style=\"margin: 0px 0px 16px; border: 0px solid oklch(0.9 0.008 245); outline-color: oklab(0.65 -0.147447 -0.103244 \/ 0.5); min-height: 0px; min-width: 0px; display: flex; align-items: flex-start; gap: 4px; color: oklch(0.15 0.02 245); font-family: &quot;Source Sans 3&quot;, sans-serif; font-size: medium;\"><span data-loc=\"client\/src\/components\/About.tsx:268\" class=\"text-lg\" style=\"border: 0px solid oklch(0.9 0.008 245); outline-color: oklab(0.65 -0.147447 -0.103244 \/ 0.5); font-size: 18px; line-height: 1.55556; color: oklch(0.65 0.18 215);\">\u2605<\/span><span data-loc=\"client\/src\/components\/About.tsx:268\" class=\"text-lg\" style=\"border: 0px solid oklch(0.9 0.008 245); outline-color: oklab(0.65 -0.147447 -0.103244 \/ 0.5); font-size: 18px; line-height: 1.55556; color: oklch(0.65 0.18 215);\">\u2605<\/span><span data-loc=\"client\/src\/components\/About.tsx:268\" class=\"text-lg\" style=\"border: 0px solid oklch(0.9 0.008 245); outline-color: oklab(0.65 -0.147447 -0.103244 \/ 0.5); font-size: 18px; line-height: 1.55556; color: oklch(0.65 0.18 215);\">\u2605<\/span><span data-loc=\"client\/src\/components\/About.tsx:268\" class=\"text-lg\" style=\"border: 0px solid oklch(0.9 0.008 245); outline-color: oklab(0.65 -0.147447 -0.103244 \/ 0.5); font-size: 18px; line-height: 1.55556; color: oklch(0.65 0.18 215);\">\u2605<\/span><span data-loc=\"client\/src\/components\/About.tsx:268\" class=\"text-lg\" style=\"border: 0px solid oklch(0.9 0.008 245); outline-color: oklab(0.65 -0.147447 -0.103244 \/ 0.5); font-size: 18px; line-height: 1.55556; color: oklch(0.65 0.18 215);\">\u2605<\/span><\/div><p data-loc=\"client\/src\/components\/About.tsx:273\" class=\"font-body text-[oklch(0.52_0.02_250)] mb-6 leading-relaxed italic\" style=\"margin: 0px 0px 24px; border: 0px solid oklch(0.9 0.008 245); outline-color: oklab(0.65 -0.147447 -0.103244 \/ 0.5); font-family: &quot;Source Sans 3&quot;, sans-serif; --tw-leading: 1.625; line-height: 1.625; color: oklch(0.52 0.02 250); font-style: italic; font-size: medium;\">\u00abExcelente atenci\u00f3n. Finalmente pudieron custodiar el acceso de personal y clientes. Muy profesionales.\u00bb<\/p><p data-loc=\"client\/src\/components\/About.tsx:266\" class=\"flex items-start gap-1 mb-4\" style=\"margin: 0px 0px 16px; border: 0px solid oklch(0.9 0.008 245); outline-color: oklab(0.65 -0.147447 -0.103244 \/ 0.5); min-height: 0px; min-width: 0px; display: flex; align-items: flex-start; gap: 4px; color: oklch(0.15 0.02 245); font-family: &quot;Source Sans 3&quot;, sans-serif; font-size: medium;\"><span data-loc=\"client\/src\/components\/About.tsx:268\" class=\"text-lg\" style=\"border: 0px solid oklch(0.9 0.008 245); outline-color: oklab(0.65 -0.147447 -0.103244 \/ 0.5); font-size: 18px; line-height: 1.55556; color: oklch(0.65 0.18 215);\"><\/span><\/p><div data-loc=\"client\/src\/components\/About.tsx:276\" class=\"flex items-center gap-4\" style=\"border: 0px solid oklch(0.9 0.008 245); outline-color: oklab(0.65 -0.147447 -0.103244 \/ 0.5); min-height: 0px; min-width: 0px; display: flex; align-items: center; gap: 16px; color: oklch(0.15 0.02 245); font-family: &quot;Source Sans 3&quot;, sans-serif; font-size: medium;\"><img decoding=\"async\" data-loc=\"client\/src\/components\/About.tsx:277\" alt=\"Ismaael Garc\u00eda\" class=\"w-12 h-12 rounded-full object-cover\" src=\"https:\/\/images.unsplash.com\/photo-1500648767791-00dcc994a43e?w=150&amp;h=150&amp;fit=crop\" style=\"border: 0px solid oklch(0.9 0.008 245); outline-color: oklab(0.65 -0.147447 -0.103244 \/ 0.5); display: block; vertical-align: middle; max-width: 100%; height: 48px; width: 48px; border-radius: calc(infinity * 1px); object-fit: cover;\"><div data-loc=\"client\/src\/components\/About.tsx:282\" style=\"border: 0px solid oklch(0.9 0.008 245); outline-color: oklab(0.65 -0.147447 -0.103244 \/ 0.5);\"><p data-loc=\"client\/src\/components\/About.tsx:283\" class=\"font-display font-bold text-[oklch(0.22_0.065_245)]\" style=\"border: 0px solid oklch(0.9 0.008 245); outline-color: oklab(0.65 -0.147447 -0.103244 \/ 0.5); font-family: Raleway, sans-serif; --tw-font-weight: 700; font-weight: 700; color: oklch(0.22 0.065 245);\">Ismaael Garc\u00eda<\/p><p data-loc=\"client\/src\/components\/About.tsx:286\" class=\"font-body text-xs text-[oklch(0.65_0.18_215)]\" style=\"border: 0px solid oklch(0.9 0.008 245); outline-color: oklab(0.65 -0.147447 -0.103244 \/ 0.5); font-family: &quot;Source Sans 3&quot;, sans-serif; font-size: 12px; line-height: 1.33333; color: oklch(0.65 0.18 215);\">Inm\u00f3tica y CCTV<\/p><p data-loc=\"client\/src\/components\/About.tsx:289\" class=\"font-body text-xs text-[oklch(0.52_0.02_250)]\" style=\"border: 0px solid oklch(0.9 0.008 245); outline-color: oklab(0.65 -0.147447 -0.103244 \/ 0.5); font-family: &quot;Source Sans 3&quot;, sans-serif; font-size: 12px; line-height: 1.33333; color: oklch(0.52 0.02 250);\">Director T\u00e9cnico<\/p><\/div><\/div>\n\n\n<div style=\"font-family: 'Source Sans 3', sans-serif; max-width: 500px; margin: 0px 0;\">\n    \n    <!-- Estrellas -->\n    <div style=\"display: flex; gap: 4px; margin-bottom: 12px;\">\n        <span style=\"font-size: 18px; color: oklch(0.65 0.18 215);\">\u2605<\/span>\n        <span style=\"font-size: 18px; color: oklch(0.65 0.18 215);\">\u2605<\/span>\n        <span style=\"font-size: 18px; color: oklch(0.65 0.18 215);\">\u2605<\/span>\n        <span style=\"font-size: 18px; color: oklch(0.65 0.18 215);\">\u2605<\/span>\n        <span style=\"font-size: 18px; color: oklch(0.65 0.18 215);\">\u2605<\/span>\n    <\/div>\n\n    <!-- Texto del Testimonio -->\n    <p style=\"margin-bottom: 20px; line-height: 1.6; color: oklch(0.52 0.02 250); font-style: italic; font-size: 16px;\">\n        \u00abFue la mejor opci\u00f3n. Calidad, precisi\u00f3n y qued\u00e9 completamente satisfecho tengo garant\u00edas de lo que pagu\u00e9 en mi negocio.\u00bb\n    <\/p>\n\n    <!-- Contenedor del Perfil (SE A\u00d1ADI\u00d3 margin-top: 3px) -->\n    <div style=\"display: flex; align-items: center; gap: 12px;  padding-top: 14px; border-top: 0px solid transparent;\">\n        <img decoding=\"async\" alt=\"Francisco Luna\" src=\"https:\/\/atdtindomotica.com\/inicio26\/wp-content\/uploads\/2026\/05\/cliente3.png\" style=\"width: 48px; height: 48px; border-radius: 50%; object-fit: cover; background-color: #f0f0f0; display: block;\">\n        \n        <div style=\"display: flex; flex-direction: column;\">\n            <p style=\"margin: 0; font-family: Raleway, sans-serif; font-weight: 700; color: oklch(0.22 0.065 245); line-height: 1.2;\">\n                Francisco Luna\n            <\/p>\n            <p style=\"margin: 0; font-size: 12px; color: oklch(0.65 0.18 215); line-height: 1.2;\">\n                CCTV Soluciones\n            <\/p>\n            <p style=\"margin: 0; font-size: 12px; color: oklch(0.52 0.02 250); line-height: 1.2;\">\n                Propietario\n            <\/p>\n        <\/div>\n    <\/div>\n<\/div>\n\n\n\n\n","protected":false},"excerpt":{"rendered":"","protected":false},"author":1,"featured_media":0,"parent":0,"menu_order":0,"comment_status":"closed","ping_status":"closed","template":"","meta":{"pagelayer_contact_templates":[],"_pagelayer_content":"","_monsterinsights_skip_tracking":false,"_monsterinsights_sitenote_active":false,"_monsterinsights_sitenote_note":"","_monsterinsights_sitenote_category":0,"footnotes":""},"class_list":["post-190","page","type-page","status-publish","hentry"],"_links":{"self":[{"href":"https:\/\/atdtindomotica.com\/inicio26\/wp-json\/wp\/v2\/pages\/190","targetHints":{"allow":["GET"]}}],"collection":[{"href":"https:\/\/atdtindomotica.com\/inicio26\/wp-json\/wp\/v2\/pages"}],"about":[{"href":"https:\/\/atdtindomotica.com\/inicio26\/wp-json\/wp\/v2\/types\/page"}],"author":[{"embeddable":true,"href":"https:\/\/atdtindomotica.com\/inicio26\/wp-json\/wp\/v2\/users\/1"}],"replies":[{"embeddable":true,"href":"https:\/\/atdtindomotica.com\/inicio26\/wp-json\/wp\/v2\/comments?post=190"}],"version-history":[{"count":18,"href":"https:\/\/atdtindomotica.com\/inicio26\/wp-json\/wp\/v2\/pages\/190\/revisions"}],"predecessor-version":[{"id":1036,"href":"https:\/\/atdtindomotica.com\/inicio26\/wp-json\/wp\/v2\/pages\/190\/revisions\/1036"}],"wp:attachment":[{"href":"https:\/\/atdtindomotica.com\/inicio26\/wp-json\/wp\/v2\/media?parent=190"}],"curies":[{"name":"wp","href":"https:\/\/api.w.org\/{rel}","templated":true}]}}