{"id":539,"date":"2022-01-18T21:56:48","date_gmt":"2022-01-18T21:56:48","guid":{"rendered":"https:\/\/atdtindomotica.com\/Indo\/?page_id=493"},"modified":"2026-05-08T19:11:48","modified_gmt":"2026-05-08T19:11:48","slug":"cableado","status":"publish","type":"page","link":"https:\/\/atdtindomotica.com\/inicio26\/servicios\/cableado\/","title":{"rendered":"Cableado"},"content":{"rendered":"\n\n\n<h2>Cableado<\/h2>\n\n\n\n\n\n\n\n<p><font color=\"#f2f2f2\">Podemos realizar los cableados el\u00e9ctricos necesarios para alg\u00fan proyecto de automatizaci\u00f3n o independiente. <br><br><br><\/font><br><\/p>\n<p><span style=\"color: rgb(242, 242, 242);\"> El conjunto de cables, conectores, canalizaciones y dispositivos que componen la infraestructura de telecomunicaciones interior de un edificio o recinto.\n<br> Su funci\u00f3n es transportar se\u00f1ales desde unos dispositivos (emisores) a otros (receptores) con el objetivo de crear la red de \u00e1rea local del mismo.<\/span><\/p>\n\n\n\n\n\nCont\u00e1ctanos &nbsp;\n<div style=\"color: #ffffff; font-size: 24px; text-align: center; line-height: 1.5;\">\n  Podemos hacer realidad tu proyecto desde un nodo hasta tu red corporativa\n<\/div>\n\n<div class=\"wpcf7 no-js\" id=\"wpcf7-f477-o1\" lang=\"es-ES\" dir=\"ltr\" data-wpcf7-id=\"477\">\n<div class=\"screen-reader-response\"><p role=\"status\" aria-live=\"polite\" aria-atomic=\"true\"><\/p> <ul><\/ul><\/div>\n<form action=\"\/inicio26\/wp-json\/wp\/v2\/pages\/539#wpcf7-f477-o1\" method=\"post\" class=\"wpcf7-form init\" aria-label=\"Formulario de contacto\" novalidate=\"novalidate\" data-status=\"init\">\n<fieldset class=\"hidden-fields-container\"><input type=\"hidden\" name=\"_wpcf7\" value=\"477\" \/><input type=\"hidden\" name=\"_wpcf7_version\" value=\"6.1.5\" \/><input type=\"hidden\" name=\"_wpcf7_locale\" value=\"es_ES\" \/><input type=\"hidden\" name=\"_wpcf7_unit_tag\" value=\"wpcf7-f477-o1\" \/><input type=\"hidden\" name=\"_wpcf7_container_post\" value=\"0\" \/><input type=\"hidden\" name=\"_wpcf7_posted_data_hash\" value=\"\" \/><input type=\"hidden\" name=\"_wpcf7_recaptcha_response\" value=\"\" \/>\n<\/fieldset>\n<center>\n\t<p><label> Tu nombre<br \/>\n<span class=\"wpcf7-form-control-wrap\" data-name=\"your-name\"><input size=\"40\" maxlength=\"400\" class=\"wpcf7-form-control wpcf7-text wpcf7-validates-as-required\" aria-required=\"true\" aria-invalid=\"false\" value=\"\" type=\"text\" name=\"your-name\" \/><\/span> <\/label>\n\t<\/p>\n\t<p><label> Tu tel.<br \/>\n<span class=\"wpcf7-form-control-wrap\" data-name=\"tel-43\"><input size=\"40\" maxlength=\"400\" class=\"wpcf7-form-control wpcf7-tel wpcf7-text wpcf7-validates-as-tel\" aria-invalid=\"false\" placeholder=\"55 5555 5555\" value=\"\" type=\"tel\" name=\"tel-43\" \/><\/span><\/label>\n\t<\/p>\n\t<p><label> Tu correo electr\u00f3nico<br \/>\n<span class=\"wpcf7-form-control-wrap\" data-name=\"your-email\"><input size=\"40\" maxlength=\"400\" class=\"wpcf7-form-control wpcf7-email wpcf7-validates-as-required wpcf7-text wpcf7-validates-as-email\" aria-required=\"true\" aria-invalid=\"false\" value=\"\" type=\"email\" name=\"your-email\" \/><\/span> <\/label>\n\t<\/p>\n\t<p><label> Asunto<br \/>\n<span class=\"wpcf7-form-control-wrap\" data-name=\"your-subject\"><input size=\"40\" maxlength=\"400\" class=\"wpcf7-form-control wpcf7-text wpcf7-validates-as-required\" aria-required=\"true\" aria-invalid=\"false\" value=\"\" type=\"text\" name=\"your-subject\" \/><\/span> <\/label>\n\t<\/p>\n\t<p><label> Tu mensaje (opcional)<br \/>\n<span class=\"wpcf7-form-control-wrap\" data-name=\"your-message\"><textarea cols=\"40\" rows=\"10\" maxlength=\"2000\" class=\"wpcf7-form-control wpcf7-textarea\" aria-invalid=\"false\" name=\"your-message\"><\/textarea><\/span> <\/label>\n\t<\/p>\n\n\t<p><input class=\"wpcf7-form-control wpcf7-submit has-spinner\" type=\"submit\" value=\"Enviar\" \/>\n\t<\/p>\n<\/center><div class=\"wpcf7-response-output\" aria-hidden=\"true\"><\/div>\n<\/form>\n<\/div>\n\n\n\n\n\n\n\n\n","protected":false},"excerpt":{"rendered":"","protected":false},"author":1,"featured_media":0,"parent":188,"menu_order":0,"comment_status":"closed","ping_status":"closed","template":"","meta":{"pagelayer_contact_templates":[],"_pagelayer_content":"","_monsterinsights_skip_tracking":false,"_monsterinsights_sitenote_active":false,"_monsterinsights_sitenote_note":"","_monsterinsights_sitenote_category":0,"footnotes":""},"class_list":["post-539","page","type-page","status-publish","hentry"],"_links":{"self":[{"href":"https:\/\/atdtindomotica.com\/inicio26\/wp-json\/wp\/v2\/pages\/539","targetHints":{"allow":["GET"]}}],"collection":[{"href":"https:\/\/atdtindomotica.com\/inicio26\/wp-json\/wp\/v2\/pages"}],"about":[{"href":"https:\/\/atdtindomotica.com\/inicio26\/wp-json\/wp\/v2\/types\/page"}],"author":[{"embeddable":true,"href":"https:\/\/atdtindomotica.com\/inicio26\/wp-json\/wp\/v2\/users\/1"}],"replies":[{"embeddable":true,"href":"https:\/\/atdtindomotica.com\/inicio26\/wp-json\/wp\/v2\/comments?post=539"}],"version-history":[{"count":12,"href":"https:\/\/atdtindomotica.com\/inicio26\/wp-json\/wp\/v2\/pages\/539\/revisions"}],"predecessor-version":[{"id":992,"href":"https:\/\/atdtindomotica.com\/inicio26\/wp-json\/wp\/v2\/pages\/539\/revisions\/992"}],"up":[{"embeddable":true,"href":"https:\/\/atdtindomotica.com\/inicio26\/wp-json\/wp\/v2\/pages\/188"}],"wp:attachment":[{"href":"https:\/\/atdtindomotica.com\/inicio26\/wp-json\/wp\/v2\/media?parent=539"}],"curies":[{"name":"wp","href":"https:\/\/api.w.org\/{rel}","templated":true}]}}